{"id":2761,"date":"2014-12-14T09:11:55","date_gmt":"2014-12-14T08:11:55","guid":{"rendered":"http:\/\/www.zeta-verein.de\/?page_id=2761"},"modified":"2016-02-22T22:57:08","modified_gmt":"2016-02-22T21:57:08","slug":"charter","status":"publish","type":"page","link":"https:\/\/www.zeta-verein.de\/en\/who-we-are\/charter\/","title":{"rendered":"Charter"},"content":{"rendered":"<p>Below is the current version of our association charter (written in german):<\/p>\n<p>(Fassung vom 27.12.2015)<\/p>\n<p><a href=\"http:\/\/www.zeta-verein.de\/wp-content\/uploads\/satzung.pdf\" title=\"aktuelle Vereinssatzung\">Download as PDF<\/a><\/p>\n<p>&nbsp;<br \/>\n<strong>\u00a7 1 (Name und Sitz)<\/strong><br \/>\nDer Verein f\u00fchrt den Namen<br \/>\nZETA &#8211; Zoophiles Engagement f\u00fcr Toleranz und Aufkl\u00e4rung<br \/>\n\u2022 Der Sitz des Vereins ist der Wohnort des ersten Vorsitzenden.<br \/>\n\u2022 Er soll in das Vereinsregister eingetragen werden und tr\u00e4gt dann den Zusatz \u201ee.V.\u201c<br \/>\n&nbsp;<br \/>\n<strong>\u00a7 2 (Gesch\u00e4ftsjahr)<\/strong><br \/>\nGesch\u00e4ftsjahr ist das Kalenderjahr.<br \/>\n&nbsp;<br \/>\n<strong>\u00a7 3 Definition of terms<\/strong><br \/>\nZoosexuality is the generic term for a sexuality focusing on animals, which includes all sexual relationships and actions between man ans animal, but which disregards the kind of the sexual motivation.<br \/>\nZoophilia is the  love for the animal based on partnership, which includes a zoosexual orientation but does not necessarily include sexual actions. the emphasis of this term is on -philia (love) and not on sexuality itself. The everyday zoophile relationships show a strong emotionality and inclination towards the animal and rotate not at all or very few around sexuality.<br \/>\nThat&#8217;s why Zoosexuality and Zoophilia is not the same.<br \/>\n&nbsp;<br \/>\n<strong>\u00a7 4 Purpose of the association<\/strong><br \/>\nZoophile people were, are and ever will be a part pf our society. They have the same constitutional rights and duties as every other citizen.<br \/>\nIn the limits of the liberal democratic basic order they have within the bars of the law the right for free development of the individual and have to feel free from the fear of discrimination.<br \/>\nThe association wants to archive a peaceful dialogue between zoophiles and non zoophiles in our society. By a factual debate of this topic a consensus is to be developed, which conditions have to be aimed to enable to live zoophilia openly without social discrimination. This consensus is thought to be a simple guideline for zoophiles and non zoophiles, which zoophilic actions are tolerated in our society and thus make a path for a lasting tolerant living together.<\/p>\n<p>a) The purpose of the association is the promotion of understanding between groups of the society and the knowledge transfer about life and characteristics of zoophiles. This purpose is to be realized by showing the way zoophiles and their partners are living in the society (without strengthening the sexual aspect). <\/p>\n<p>The association<br \/>\n&#8211; produces or supports documentations and interviews<br \/>\n&#8211; provides a public contact<br \/>\n&#8211; is a platform and mouthpiece for the personal opinions of single zoophiles<\/p>\n<p>b) purpose of the association is the support of science, research and national education. This purpose is to be realized by supporting independent third parties (Universities, Institutes, experts, &#8230;) to gain general insight into the zoophile sexual orientation and zoosexual activities. Proof of consent and positive or negative effects on animals are important facts the association could provide to enforce the dialogue in the society to find a consensous. <\/p>\n<p>The association<br \/>\n&#8211; supports research and science of independent researchers to gain new insight into the zoophile sexual orientation and zoosexual activities.<br \/>\n&#8211; is a platform to inform about these new scientific results<br \/>\n&#8211; makes and supports surveys to gain knowledge about the level of consent in  the society<\/p>\n<p>c) Purpose of the association is the support of animal welfare and the prevention of crimes. This purpose is to be realised &#8211; within the german legislation &#8211; by supporting the fight against the negative aspects of zoosexuality. <\/p>\n<p>The association<br \/>\n&#8211; informs about recent criminal offences to help for the clearing of these crimes<br \/>\n&#8211; helps actively by recherching, clearing the facts and convicting the aggressor<br \/>\n&#8211; gives hints for the animal owners to protect their animals from unwanted sexual assaults.<br \/>\n&nbsp;<br \/>\n<strong>\u00a7 5 Eventuelle Konfliktm\u00f6glichkeiten mit Gesetzen<\/strong><br \/>\n5a) Tierschutzgesetz insbesondere \u00a7 17<br \/>\nDer Verein als solcher ist nicht Besitzer oder Eigent\u00fcmer von Tieren und betreibt keinerlei k\u00f6rperliche Handlungen mit diesen; ferner betreibt er selbst im Rahmen des Vereinsziels in \u00a7 4b keine Forschungen \u00fcber zoosexuelle Handlungen, so dass folglich auch keine sexuellen oder tierqu\u00e4lerischen Handlungen stattfinden k\u00f6nnen, die m\u00f6glicherweise im Konflikt mit dem Tierschutzgesetz stehen. Ferner kann dem Verein nicht der Vorwurf der Anstiftung zu einer Straftat (\u00a7 26 StGB) gemacht werden, da er ausschlie\u00dflich sachlich und wissenschaftlich informiert. Das Vereinsziel 4c) zeigt sogar deutlich, dass der Verein sich nicht nur ausdr\u00fccklich gegen sexuell qu\u00e4lerische Handlungen ausspricht, sondern sogar &#8211; im Rahmen der deutschen Rechtsordnung &#8211; den Kampf gegen diese als Vereinsziel statuiert. Zudem muss sich jedes Vereinsmitglied einem satzungsgem\u00e4\u00dfen Ausschlussverfahren stellen, wenn seine privaten oder vereinsinternen Aktivit\u00e4ten in irgendeiner Weise gegen das Tierschutzgesetz versto\u00dfen (vgl. \u00a7 8c).<br \/>\n5b) StGB \u00a7 184a<br \/>\nDem Verein ist der eindeutige Unterschied zwischen Pornografie und wissenschaftlichen Informationen bewusst. In diesem Zusammenhang legt er besonderen Wert darauf, seine Vereinsziele unter Einhaltung des \u00a7 184a StGB zu verwirklichen. Zudem muss sich jedes Vereinsmitglied einem satzungsgem\u00e4\u00dfen Ausschlussverfahren stellen, wenn seine privaten oder vereinsinternen Aktivit\u00e4ten in irgendeiner Weise gegen \u00a7 184a StGB versto\u00dfen (vgl. \u00a7 8c).<br \/>\n5c) Sittlichkeit<br \/>\nDer Bundesgesetzgeber hat im Rahmen der Gro\u00dfen Strafrechtsreform von 1969 die sexuelle Selbstbestimmung als Grundkonsens \u00fcber eine christlich-moralisch definierte Sittlichkeit gestellt und festgelegt, dass nur Taten bestraft werden, bei denen ein Rechtsgut verletzt wird.<br \/>\nInsofern sind zoophile Handlungen zum beiderseitigen Vergn\u00fcgen sittlich einwandfrei, da der Gesetzgeber mit der Abschaffung des \u00a7175b StGB die &#8220;widernat\u00fcrliche Unzucht&#8221; als keine rechtsgutverletzende Tat mehr definiert hat. \u00dcberdies gilt das in \u00a7 5a Gesagte: Die Vereinst\u00e4tigkeit h\u00e4lt sich ganz im Rahmen der Sittlichkeit, auch wenn der Untersuchungsgegenstand Sittlichkeitsgef\u00fchle ber\u00fchren kann. Dar\u00fcber hinaus w\u00e4re es in Zeiten des Diskriminierungsschutzes sexueller Identit\u00e4ten als unsittlich anzusehen, eine sexuelle Identit\u00e4t als unsittlich zu diskriminieren.<br \/>\n&nbsp;<br \/>\n<strong>\u00a7 6 (Gemeinn\u00fctzigkeit, Mittelverwendung)<\/strong><br \/>\nDer Verein verfolgt ausschlie\u00dflich und unmittelbar gemeinn\u00fctzige Zwecke im Sinne des Abschnitts &#8220;Steuerbeg\u00fcnstigte Zwecke&#8221; der Abgabenordnung.<br \/>\nDer Verein ist selbstlos t\u00e4tig; er verfolgt nicht in erster Linie eigenwirtschaftliche Zwecke.<br \/>\nMittel des Vereins d\u00fcrfen nur f\u00fcr die satzungsm\u00e4\u00dfigen Zwecke verwendet werden. Die Mitglieder erhalten keine Zuwendungen aus Mitteln des Vereins.<br \/>\nEs darf keine Person durch Ausgaben, die dem Zweck des Vereins fremd sind, oder durch unverh\u00e4ltnism\u00e4\u00dfig hohe Verg\u00fctungen beg\u00fcnstigt werden.<br \/>\n&nbsp;<br \/>\n<strong>\u00a7 7 (Erwerb der Mitgliedschaft)<\/strong><br \/>\nVereinsmitglieder k\u00f6nnen vollj\u00e4hrige nat\u00fcrliche Personen oder juristische Personen werden.<br \/>\nZoophile Neigungen sind keine Voraussetzung f\u00fcr die Mitgliedschaft, jedoch die vorbehaltlose Anerkennung der Satzung und deren Vereinsziele.<br \/>\nDer Aufnahmeantrag ist schriftlich zu stellen. \u00dcber den Aufnahmeantrag entscheidet der Vorstand.<br \/>\nGegen die Ablehnung, die keiner Begr\u00fcndung bedarf, steht dem\/der Bewerber\/in die Berufung an die Mitgliederversammlung zu, welche dann endg\u00fcltig entscheidet.<br \/>\n&nbsp;<br \/>\n<strong>\u00a7 8 (Beendigung der Mitgliedschaft)<\/strong><br \/>\na) Die Mitgliedschaft endet durch Austritt, Ausschluss, Tod oder Aufl\u00f6sung des Vereins.<br \/>\nb) Der Austritt erfolgt durch schriftliche Erkl\u00e4rung gegen\u00fcber einem vertretungsberechtigten Vorstandsmitglied. Die schriftliche Austrittserkl\u00e4rung muss mit einer Frist von einem Monat jeweils zum Ende des Gesch\u00e4ftsjahres gegen\u00fcber dem Vorstand erkl\u00e4rt werden.<br \/>\nc) Ein Ausschluss kann nur aus wichtigem Grund erfolgen. Wichtige Gr\u00fcnde sind insbesondere:<br \/>\n&#8211; ein die Vereinsziele sch\u00e4digendes Verhalten<br \/>\n&#8211; die Verletzung satzungsm\u00e4\u00dfiger Pflichten<br \/>\n&#8211; Beitragsr\u00fcckst\u00e4nde von mindestens einem Jahr<br \/>\n&#8211; Verst\u00f6\u00dfe gegen das Tierschutzgesetz oder den \u00a7184a StGB<br \/>\n\u00dcber den Ausschluss entscheidet der Vorstand. Gegen den Ausschluss steht dem Mitglied die Berufung an die Mitgliederversammlung zu, die schriftlich binnen eines Monats an den Vorstand zu richten ist. Die Mitgliederversammlung entscheidet im Rahmen des Vereins endg\u00fcltig. Dem Mitglied bleibt die \u00dcberpr\u00fcfung der Ma\u00dfnahme durch Anrufung der ordentlichen Gerichte vorbehalten. Die Anrufung eines ordentlichen Gerichts hat aufschiebende Wirkung bis zur Rechtskraft der gerichtlichen Entscheidung.<br \/>\n&nbsp;<br \/>\n<strong>\u00a7 9 (Beitr\u00e4ge)<\/strong><br \/>\nVon den Mitgliedern werden Beitr\u00e4ge erhoben. Die H\u00f6he der Beitr\u00e4ge und deren F\u00e4lligkeit bestimmt die Mitgliederversammlung.<br \/>\n&nbsp;<br \/>\n<strong>\u00a7 10 (Organe des Vereins)<\/strong><br \/>\nOrgane des Vereins sind:<br \/>\n\u2022 die Mitgliederversammlung<br \/>\n\u2022 der Vorstand<br \/>\n&nbsp;<br \/>\n<strong>\u00a7 11 (Mitgliederversammlung)<\/strong><br \/>\nDie ordentliche Mitgliederversammlung wird mindestens einmal j\u00e4hrlich durch den Vorstand unter Einhaltung einer Frist von zwei Wochen unter Angabe der Tagesordnung schriftlich (per Post oder Email) einberufen.<br \/>\nDer Vorstand ist zur Einberufung einer au\u00dferordentlichen Mitgliederversammlung verpflichtet, wenn mindestens ein Viertel der Mitglieder dies schriftlich unter Angabe von Gr\u00fcnden verlangt. Die au\u00dferordentliche Mitgliederversammlung ist beschlussf\u00e4hig, wenn mindestens 30% der Mitglieder anwesend sind.<br \/>\nDie Tagesordnung ist zu erg\u00e4nzen, wenn dies ein Mitglied bis sp\u00e4testens eine Woche vor dem angesetzten Termin schriftlich beantragt. Die Erg\u00e4nzung ist zu Beginn der Versammlung bekanntzumachen.<br \/>\nAntr\u00e4ge \u00fcber die Abwahl des Vorstands, \u00fcber die \u00c4nderung der Satzung und \u00fcber die Aufl\u00f6sung des Vereins, die den Mitgliedern nicht bereits mit der Einladung zur Mitgliederversammlung zugegangen sind, k\u00f6nnen erst auf der n\u00e4chsten Mitgliederversammlung beschlossen werden.<br \/>\nDie Mitgliederversammlung kann auch per Telefon- oder Videokonferenz abgehalten werden, wobei alle Teilnehmer gleichzeitig h\u00f6ren und sprechen k\u00f6nnen. Hierbei ist durch geeignete technische Ma\u00dfnahmen zu gew\u00e4hrleisten, dass nur derjenige teilnehmen kann, der dazu auch berechtigt ist. Die entsprechende Plattform und die evetuellen Sicherheitscodes werden mit der Einladung verschickt.<br \/>\nDie Mitgliederversammlung ist ohne R\u00fccksicht auf die Zahl der teilnehmenden Mitglieder beschlussf\u00e4hig. Jedes Mitglied hat eine Stimme. Das Stimmrecht kann nur pers\u00f6nlich oder f\u00fcr ein Mitglied unter Vorlage einer schriftlichen Vollmacht ausge\u00fcbt werden. Bei Abstimmungen entscheidet die einfache Mehrheit der abgegebenen Stimmen.<br \/>\nStimmenthaltungen bleiben au\u00dfer Betracht. Bei Stimmengleichheit gilt der gestellte Antrag als abgelehnt. Satzungs\u00e4nderungen k\u00f6nnen nur mit einer Mehrheit von 2\/3 der teilnehmenden Mitglieder beschlossen werden.<br \/>\nDie Mitgliederversammlung wird von einem Vorstandsmitglied geleitet. Zu Beginn der Mitgliederversammlung ist ein Schriftf\u00fchrer zu w\u00e4hlen.<br \/>\n\u00dcber die Beschl\u00fcsse der Mitgliederversammlung ist ein Protokoll anzufertigen, das vom Versammlungsleiter und dem Schriftf\u00fchrer zu unterzeichnen ist.<br \/>\n&nbsp;<br \/>\n<strong>\u00a7 12 (Vorstand)<\/strong><br \/>\nDer Vorstand im Sinn des \u00a7 26 BGB besteht aus ein bis maximal zwei gleichberechtigten Vorsitzenden. Die Verteilung der Aufgaben des Vereins obliegt den Vorsitzenden. Jeder der Vorsitzenden ist f\u00fcr den Verein nach au\u00dfen gerichtlich und au\u00dfergerichtlich allein vertretungsberechtigt.<br \/>\nBeschl\u00fcsse des Vorstandes werden in einem Sitzungsprotokoll niedergelegt und von allen Vorstandsmitgliedern unterzeichnet.<br \/>\nDer Vorstand wird von der Mitgliederversammlung auf die Dauer von zwei Jahren gew\u00e4hlt.<br \/>\nVorstandsmitglieder k\u00f6nnen nur Mitglieder des Vereins werden. Wiederwahl ist zul\u00e4ssig.<br \/>\nEine Abwahl des Vorstandes ist durch ein Votum von zwei Dritteln der teilnehmenden Mitglieder einer Mitgliederversammlung m\u00f6glich. Der Vorstand bleibt solange im Amt, bis ein neuer Vorstand gew\u00e4hlt ist.<br \/>\nBei Beendigung der Mitgliedschaft im Verein endet auch das Amt als Vorstand. Scheidet ein Vorstandsmitglied vor Ablauf seiner Wahlzeit aus, so ist der Vorstand berechtigt, einstimmig ein kommissarisches Vorstandsmitglied zu berufen. Auf diese Weise berufene Vorstandsmitglieder bleiben bis zur n\u00e4chsten Mitgliederversammlung im Amt.<br \/>\nSatzungs\u00e4nderungen, die von Aufsichts-, Gerichts- und Finanzbeh\u00f6rden oder wohlfahrtspflegerischen Dachorganisationen aus formalen Gr\u00fcnden verlangt werden, kann der Vorstand von sich aus vornehmen. Beschl\u00fcsse des Vorstandes werden in einem Sitzungsprotokoll niedergelegt und von allen Vorstandsmitgliedern unterzeichnet.<br \/>\n&nbsp;<br \/>\n<strong>\u00a7 13 (Kassenpr\u00fcfung)<\/strong><br \/>\nDie Mitgliederversammlung w\u00e4hlt f\u00fcr die Dauer von einem Jahr eine\/n Kassenpr\u00fcfer\/in.<br \/>\nDiese\/r darf nicht Mitglied des Vorstands sein.<br \/>\nWiederwahl ist zul\u00e4ssig.<br \/>\n&nbsp;<br \/>\n<strong>\u00a7 14 (Aufl\u00f6sung des Vereins)<\/strong><br \/>\nDer Verein besteht auf unbestimmte Zeit. Er kann mit der Mehrheit von zwei Drittel seiner Mitglieder aufgel\u00f6st werden. Die Liquidation des Vereins erfolgt durch den Vorstand, falls die Mitgliederversammlung nicht besondere Liquidatoren beauftragt.<br \/>\nBei Aufl\u00f6sung oder Aufhebung des Vereins oder bei Wegfall steuerbeg\u00fcnstigter Zwecke f\u00e4llt das Verm\u00f6gen des Vereins an eine juristische Person des \u00f6ffentlichen Rechts oder eine andere steuerbeg\u00fcnstigte K\u00f6rperschaft zwecks Verwendung f\u00fcr die F\u00f6rderung des Tierschutzes. \u00dcber den entg\u00fcltigen Beg\u00fcnstigten entscheidet die Mitgliederversammlung auf Vorschlag des Vorstandes.<br \/>\n&nbsp;<br \/>\n<strong>\u00a7 15 (Datenschutz)<\/strong><br \/>\nEinblick in das Mitgliederverzeichnis ist nur Mitgliedern des Vorstandes und rechtlichen Vertretern des Vereins gestattet.<br \/>\nRechtliche Vertreter verpflichten sich durch gesonderte Vereinbarung zum h\u00f6chstm\u00f6glichen mit ihrem Auftrag zu vereinbarenden Datenschutz.<\/p>\n","protected":false},"excerpt":{"rendered":"<div class=\"mh-excerpt\"><p>Below is the current version of our association charter (written in german): (Fassung vom 27.12.2015) Download as PDF &nbsp; \u00a7 1 (Name und Sitz) Der Verein f\u00fchrt den Namen ZETA &#8211; Zoophiles Engagement f\u00fcr Toleranz <a class=\"mh-excerpt-more\" href=\"https:\/\/www.zeta-verein.de\/en\/who-we-are\/charter\/\" title=\"Charter\">[&#8230;]<\/a><\/p>\n<\/div>","protected":false},"author":2,"featured_media":0,"parent":2853,"menu_order":0,"comment_status":"closed","ping_status":"closed","template":"","meta":{"footnotes":""},"class_list":["post-2761","page","type-page","status-publish"],"yoast_head":"<!-- This site is optimized with the Yoast SEO plugin v23.2 - https:\/\/yoast.com\/wordpress\/plugins\/seo\/ -->\n<title>Charter - ZETA<\/title>\n<meta name=\"robots\" content=\"index, follow, max-snippet:-1, max-image-preview:large, max-video-preview:-1\" \/>\n<link rel=\"canonical\" href=\"https:\/\/www.zeta-verein.de\/en\/who-we-are\/charter\/\" \/>\n<meta property=\"og:locale\" content=\"en_US\" \/>\n<meta property=\"og:type\" content=\"article\" \/>\n<meta property=\"og:title\" content=\"Charter - ZETA\" \/>\n<meta property=\"og:description\" content=\"Below is the current version of our association charter (written in german): (Fassung vom 27.12.2015) Download as PDF &nbsp; \u00a7 1 (Name und Sitz) Der Verein f\u00fchrt den Namen ZETA &#8211; Zoophiles Engagement f\u00fcr Toleranz [...]\" \/>\n<meta property=\"og:url\" content=\"https:\/\/www.zeta-verein.de\/en\/who-we-are\/charter\/\" \/>\n<meta property=\"og:site_name\" content=\"ZETA\" \/>\n<meta property=\"article:modified_time\" content=\"2016-02-22T21:57:08+00:00\" \/>\n<meta name=\"twitter:card\" content=\"summary_large_image\" \/>\n<meta name=\"twitter:label1\" content=\"Est. reading time\" \/>\n\t<meta name=\"twitter:data1\" content=\"10 minutes\" \/>\n<script type=\"application\/ld+json\" class=\"yoast-schema-graph\">{\"@context\":\"https:\/\/schema.org\",\"@graph\":[{\"@type\":\"WebPage\",\"@id\":\"https:\/\/www.zeta-verein.de\/en\/who-we-are\/charter\/\",\"url\":\"https:\/\/www.zeta-verein.de\/en\/who-we-are\/charter\/\",\"name\":\"Charter - ZETA\",\"isPartOf\":{\"@id\":\"https:\/\/www.zeta-verein.de\/#website\"},\"datePublished\":\"2014-12-14T08:11:55+00:00\",\"dateModified\":\"2016-02-22T21:57:08+00:00\",\"breadcrumb\":{\"@id\":\"https:\/\/www.zeta-verein.de\/en\/who-we-are\/charter\/#breadcrumb\"},\"inLanguage\":\"en-US\",\"potentialAction\":[{\"@type\":\"ReadAction\",\"target\":[\"https:\/\/www.zeta-verein.de\/en\/who-we-are\/charter\/\"]}]},{\"@type\":\"BreadcrumbList\",\"@id\":\"https:\/\/www.zeta-verein.de\/en\/who-we-are\/charter\/#breadcrumb\",\"itemListElement\":[{\"@type\":\"ListItem\",\"position\":1,\"name\":\"Startseite\",\"item\":\"https:\/\/www.zeta-verein.de\/en\/\"},{\"@type\":\"ListItem\",\"position\":2,\"name\":\"Who we are\",\"item\":\"https:\/\/www.zeta-verein.de\/en\/who-we-are\/\"},{\"@type\":\"ListItem\",\"position\":3,\"name\":\"Charter\"}]},{\"@type\":\"WebSite\",\"@id\":\"https:\/\/www.zeta-verein.de\/#website\",\"url\":\"https:\/\/www.zeta-verein.de\/\",\"name\":\"ZETA\",\"description\":\"Zoophiles Engagement f\u00fcr Toleranz und Aufkl\u00e4rung\",\"potentialAction\":[{\"@type\":\"SearchAction\",\"target\":{\"@type\":\"EntryPoint\",\"urlTemplate\":\"https:\/\/www.zeta-verein.de\/?s={search_term_string}\"},\"query-input\":\"required name=search_term_string\"}],\"inLanguage\":\"en-US\"}]}<\/script>\n<!-- \/ Yoast SEO plugin. -->","yoast_head_json":{"title":"Charter - ZETA","robots":{"index":"index","follow":"follow","max-snippet":"max-snippet:-1","max-image-preview":"max-image-preview:large","max-video-preview":"max-video-preview:-1"},"canonical":"https:\/\/www.zeta-verein.de\/en\/who-we-are\/charter\/","og_locale":"en_US","og_type":"article","og_title":"Charter - ZETA","og_description":"Below is the current version of our association charter (written in german): (Fassung vom 27.12.2015) Download as PDF &nbsp; \u00a7 1 (Name und Sitz) Der Verein f\u00fchrt den Namen ZETA &#8211; Zoophiles Engagement f\u00fcr Toleranz [...]","og_url":"https:\/\/www.zeta-verein.de\/en\/who-we-are\/charter\/","og_site_name":"ZETA","article_modified_time":"2016-02-22T21:57:08+00:00","twitter_card":"summary_large_image","twitter_misc":{"Est. reading time":"10 minutes"},"schema":{"@context":"https:\/\/schema.org","@graph":[{"@type":"WebPage","@id":"https:\/\/www.zeta-verein.de\/en\/who-we-are\/charter\/","url":"https:\/\/www.zeta-verein.de\/en\/who-we-are\/charter\/","name":"Charter - ZETA","isPartOf":{"@id":"https:\/\/www.zeta-verein.de\/#website"},"datePublished":"2014-12-14T08:11:55+00:00","dateModified":"2016-02-22T21:57:08+00:00","breadcrumb":{"@id":"https:\/\/www.zeta-verein.de\/en\/who-we-are\/charter\/#breadcrumb"},"inLanguage":"en-US","potentialAction":[{"@type":"ReadAction","target":["https:\/\/www.zeta-verein.de\/en\/who-we-are\/charter\/"]}]},{"@type":"BreadcrumbList","@id":"https:\/\/www.zeta-verein.de\/en\/who-we-are\/charter\/#breadcrumb","itemListElement":[{"@type":"ListItem","position":1,"name":"Startseite","item":"https:\/\/www.zeta-verein.de\/en\/"},{"@type":"ListItem","position":2,"name":"Who we are","item":"https:\/\/www.zeta-verein.de\/en\/who-we-are\/"},{"@type":"ListItem","position":3,"name":"Charter"}]},{"@type":"WebSite","@id":"https:\/\/www.zeta-verein.de\/#website","url":"https:\/\/www.zeta-verein.de\/","name":"ZETA","description":"Zoophiles Engagement f\u00fcr Toleranz und Aufkl\u00e4rung","potentialAction":[{"@type":"SearchAction","target":{"@type":"EntryPoint","urlTemplate":"https:\/\/www.zeta-verein.de\/?s={search_term_string}"},"query-input":"required name=search_term_string"}],"inLanguage":"en-US"}]}},"_links":{"self":[{"href":"https:\/\/www.zeta-verein.de\/en\/wp-json\/wp\/v2\/pages\/2761","targetHints":{"allow":["GET"]}}],"collection":[{"href":"https:\/\/www.zeta-verein.de\/en\/wp-json\/wp\/v2\/pages"}],"about":[{"href":"https:\/\/www.zeta-verein.de\/en\/wp-json\/wp\/v2\/types\/page"}],"author":[{"embeddable":true,"href":"https:\/\/www.zeta-verein.de\/en\/wp-json\/wp\/v2\/users\/2"}],"replies":[{"embeddable":true,"href":"https:\/\/www.zeta-verein.de\/en\/wp-json\/wp\/v2\/comments?post=2761"}],"version-history":[{"count":6,"href":"https:\/\/www.zeta-verein.de\/en\/wp-json\/wp\/v2\/pages\/2761\/revisions"}],"predecessor-version":[{"id":3007,"href":"https:\/\/www.zeta-verein.de\/en\/wp-json\/wp\/v2\/pages\/2761\/revisions\/3007"}],"up":[{"embeddable":true,"href":"https:\/\/www.zeta-verein.de\/en\/wp-json\/wp\/v2\/pages\/2853"}],"wp:attachment":[{"href":"https:\/\/www.zeta-verein.de\/en\/wp-json\/wp\/v2\/media?parent=2761"}],"curies":[{"name":"wp","href":"https:\/\/api.w.org\/{rel}","templated":true}]}}